{"id":1878,"date":"2024-06-25T12:56:22","date_gmt":"2024-06-25T12:56:22","guid":{"rendered":"https:\/\/funtronic.es\/?post_type=product&#038;p=1878"},"modified":"2025-08-13T08:42:02","modified_gmt":"2025-08-13T08:42:02","slug":"pack-juegos-interactivos-deportes-15-juegos","status":"publish","type":"product","link":"https:\/\/funtronic.es\/?product=pack-juegos-interactivos-deportes-15-juegos","title":{"rendered":"Pack juegos interactivos DEPORTES 15 juegos."},"content":{"rendered":"<div class=\"elementor-element elementor-element-e6b6a6d ob-harakiri-inherit ob-has-background-overlay elementor-widget elementor-widget-text-editor ob-harakiri\" data-id=\"e6b6a6d\" data-element_type=\"widget\" data-settings=\"{&quot;_ob_use_harakiri&quot;:&quot;yes&quot;,&quot;_ob_harakiri_writing_mode&quot;:&quot;inherit&quot;,&quot;_ob_postman_use&quot;:&quot;no&quot;,&quot;_ob_widget_stalker_use&quot;:&quot;no&quot;,&quot;_ob_poopart_use&quot;:&quot;yes&quot;,&quot;_ob_shadough_use&quot;:&quot;no&quot;,&quot;_ob_allow_hoveranimator&quot;:&quot;no&quot;}\" data-widget_type=\"text-editor.default\">\n<div class=\"elementor-widget-container\">\n<p><span style=\"font-size: 16px;\">Los ejercicios no s\u00f3lo inspiran el entrenamiento individual, sino que tambi\u00e9n complementan perfectamente las clases de educaci\u00f3n f\u00edsica. Introduce herramientas modernas e interactivas en el sal\u00f3n de deportes del colegio y observa c\u00f3mo el entusiasmo de los alumnos aumenta y el entrenamiento se convierte en una aventura inolvidable.<\/span><\/p>\n<\/div>\n<\/div>\n<div class=\"elementor-element elementor-element-30918bd ob-harakiri-inherit ob-has-background-overlay elementor-widget elementor-widget-text-editor ob-harakiri\" data-id=\"30918bd\" data-element_type=\"widget\" data-settings=\"{&quot;_ob_use_harakiri&quot;:&quot;yes&quot;,&quot;_ob_harakiri_writing_mode&quot;:&quot;inherit&quot;,&quot;_ob_postman_use&quot;:&quot;no&quot;,&quot;_ob_widget_stalker_use&quot;:&quot;no&quot;,&quot;_ob_poopart_use&quot;:&quot;yes&quot;,&quot;_ob_shadough_use&quot;:&quot;no&quot;,&quot;_ob_allow_hoveranimator&quot;:&quot;no&quot;}\" data-widget_type=\"text-editor.default\">\n<div class=\"elementor-widget-container\">\n<p>\u00bfEst\u00e1s organizando un evento deportivo? Sorprenda a los participantes con juegos y competiciones din\u00e1micas que no s\u00f3lo atraen, sino que tambi\u00e9n integran. Crea experiencias \u00fanicas donde el placer del movimiento se convertir\u00e1 en el principal atractivo y los participantes vivir\u00e1n el deporte de una forma completamente nueva.<\/p>\n<figure id=\"attachment_1880\" aria-describedby=\"caption-attachment-1880\" style=\"width: 528px\" class=\"wp-caption alignnone\"><img loading=\"lazy\" decoding=\"async\" class=\" wp-image-1880\" src=\"https:\/\/funtronic.es\/wp-content\/uploads\/2024\/06\/deportes-funfloor-300x167.png\" alt=\"deportes funfloor\" width=\"528\" height=\"294\" srcset=\"https:\/\/funtronic.es\/wp-content\/uploads\/2024\/06\/deportes-funfloor-300x167.png 300w, https:\/\/funtronic.es\/wp-content\/uploads\/2024\/06\/deportes-funfloor-1024x569.png 1024w, https:\/\/funtronic.es\/wp-content\/uploads\/2024\/06\/deportes-funfloor-768x427.png 768w, https:\/\/funtronic.es\/wp-content\/uploads\/2024\/06\/deportes-funfloor-1536x854.png 1536w, https:\/\/funtronic.es\/wp-content\/uploads\/2024\/06\/deportes-funfloor-600x333.png 600w, https:\/\/funtronic.es\/wp-content\/uploads\/2024\/06\/deportes-funfloor.png 2048w\" sizes=\"auto, (max-width: 528px) 100vw, 528px\" \/><figcaption id=\"caption-attachment-1880\" class=\"wp-caption-text\">deportes funfloor<\/figcaption><\/figure>\n<\/div>\n<\/div>\n","protected":false},"excerpt":{"rendered":"<p><strong>El Paquete Deportivo<\/strong>\u00a0ofrece 15 juegos diferentes que act\u00faan como catalizador de motivaci\u00f3n. Los gr\u00e1ficos, la interactividad y los desaf\u00edos hacen que todos quieran realizar actividad f\u00edsica con una sonrisa en el rostro. Los ejercicios est\u00e1n adaptados a distintos niveles de avance, para que cada uno pueda encontrar algo para s\u00ed mismo. Descubre una nueva dimensi\u00f3n del entrenamiento que desarrolla no s\u00f3lo tu rendimiento, sino tambi\u00e9n tu creatividad y habilidades de coordinaci\u00f3n.<\/p>\n","protected":false},"featured_media":1882,"comment_status":"open","ping_status":"closed","template":"","meta":{"site-sidebar-layout":"default","site-content-layout":"default","ast-global-header-display":"","ast-main-header-display":"","ast-hfb-above-header-display":"","ast-hfb-below-header-display":"","ast-hfb-mobile-header-display":"","site-post-title":"","ast-breadcrumbs-content":"","ast-featured-img":"","footer-sml-layout":"","theme-transparent-header-meta":"default","adv-header-id-meta":"","stick-header-meta":"","header-above-stick-meta":"","header-main-stick-meta":"","header-below-stick-meta":""},"product_cat":[20],"product_tag":[],"class_list":{"0":"post-1878","1":"product","2":"type-product","3":"status-publish","4":"has-post-thumbnail","6":"product_cat-packs-juegos-interactivos","7":"desktop-align-left","8":"tablet-align-left","9":"mobile-align-left","11":"first","12":"instock","13":"taxable","14":"shipping-taxable","15":"purchasable","16":"product-type-simple"},"_links":{"self":[{"href":"https:\/\/funtronic.es\/index.php?rest_route=\/wp\/v2\/product\/1878","targetHints":{"allow":["GET"]}}],"collection":[{"href":"https:\/\/funtronic.es\/index.php?rest_route=\/wp\/v2\/product"}],"about":[{"href":"https:\/\/funtronic.es\/index.php?rest_route=\/wp\/v2\/types\/product"}],"replies":[{"embeddable":true,"href":"https:\/\/funtronic.es\/index.php?rest_route=%2Fwp%2Fv2%2Fcomments&post=1878"}],"wp:featuredmedia":[{"embeddable":true,"href":"https:\/\/funtronic.es\/index.php?rest_route=\/wp\/v2\/media\/1882"}],"wp:attachment":[{"href":"https:\/\/funtronic.es\/index.php?rest_route=%2Fwp%2Fv2%2Fmedia&parent=1878"}],"wp:term":[{"taxonomy":"product_cat","embeddable":true,"href":"https:\/\/funtronic.es\/index.php?rest_route=%2Fwp%2Fv2%2Fproduct_cat&post=1878"},{"taxonomy":"product_tag","embeddable":true,"href":"https:\/\/funtronic.es\/index.php?rest_route=%2Fwp%2Fv2%2Fproduct_tag&post=1878"}],"curies":[{"name":"wp","href":"https:\/\/api.w.org\/{rel}","templated":true}]}}