{"id":2004,"date":"2026-05-07T14:15:36","date_gmt":"2026-05-07T14:15:36","guid":{"rendered":"https:\/\/funtronic.es\/?post_type=product&#038;p=2004"},"modified":"2026-05-07T21:04:20","modified_gmt":"2026-05-07T21:04:20","slug":"proyector-interactivo-senspire-nuevo","status":"publish","type":"product","link":"https:\/\/funtronic.es\/?product=proyector-interactivo-senspire-nuevo","title":{"rendered":"Proyector interactivo SENSPIRE (NUEVO)"},"content":{"rendered":"<p>Incluye 30 aplicaciones \/ juegos, viene con 3 paquetes de juegos de 10 juegos cada uno.<\/p>\n<ul>\n<li style=\"list-style-type: none;\">\n<ul>\n<li>Pack JUEGOS PARA EL OCIO \/ TERAPIA (10 juegos),<\/li>\n<li>Pack COGNITIVOS (10 juegos)<\/li>\n<li>Pack TERAPIA SENSORIALES (10 juegos)<\/li>\n<\/ul>\n<\/li>\n<\/ul>\n<p>Es posible aumentar los packs adicionales en breve.<\/p>\n<p>Incluye elementos de juego de espuma, bol\u00edgafo interactivo&#8230;<\/p>\n<div class=\"ast-oembed-container\" style=\"height: 100%;\"><iframe loading=\"lazy\" title=\"Senspire\" width=\"422\" height=\"750\" src=\"https:\/\/www.youtube.com\/embed\/UR819qynygQ?feature=oembed\" frameborder=\"0\" allow=\"accelerometer; autoplay; clipboard-write; encrypted-media; gyroscope; picture-in-picture; web-share\" referrerpolicy=\"strict-origin-when-cross-origin\" allowfullscreen><\/iframe><\/div>\n<p>&nbsp;<\/p>\n","protected":false},"excerpt":{"rendered":"<p>Apoyo interactivo en el cuidado de personas mayores y personas con discapacidad.<br \/>\nSENspire es una tecnolog\u00eda innovadora que combina luz, sonido y movimiento para ayudar a las personas mayores, incluidas aquellas que padecen demencia, y a las personas con discapacidad.<br \/>\nEl dispositivo muestra juegos y actividades directamente sobre la mesa, el suelo o la pared, respondiendo a los gestos y movimientos de los usuarios.<\/p>\n<p>SISTEMA INTERACTIVO CON INTERACCI\u00d3N PREMIUM.<\/p>\n<p>El sistema se monta en una base con ruedas de goma Este es el primer producto creado en cooperaci\u00f3n con la empresa Acer y FUNTRONIC. Gracias al uso de un proyector gran angular se consigue una perfecta im\u00e1gen e interacci\u00f3n con los usuarios.<\/p>\n<p>Tama\u00f1o de la imagen proyector interactivo con juegos aprox: 300 cm x 200cm.<\/p>\n<p>&nbsp;<\/p>\n<div style=\"position: relative; padding-top: 0; width: 700px; height: 400px;\"><iframe style=\"position: absolute; border: none; width: 100%; height: 100%; left: 0; top: 0;\" title=\"SENSPIRE ES\" src=\"https:\/\/online.fliphtml5.com\/thvus\/SENSPIRE-ES\/\" frameborder=\"0\" scrolling=\"no\" seamless=\"seamless\" allowfullscreen=\"allowfullscreen\"><\/iframe><\/div>\n","protected":false},"featured_media":2007,"comment_status":"open","ping_status":"closed","template":"","meta":{"site-sidebar-layout":"default","site-content-layout":"default","ast-global-header-display":"","ast-main-header-display":"","ast-hfb-above-header-display":"","ast-hfb-below-header-display":"","ast-hfb-mobile-header-display":"","site-post-title":"","ast-breadcrumbs-content":"","ast-featured-img":"","footer-sml-layout":"","theme-transparent-header-meta":"default","adv-header-id-meta":"","stick-header-meta":"","header-above-stick-meta":"","header-main-stick-meta":"","header-below-stick-meta":""},"product_cat":[18],"product_tag":[],"class_list":{"0":"post-2004","1":"product","2":"type-product","3":"status-publish","4":"has-post-thumbnail","6":"product_cat-proyectores-interactivos-con-juegos","7":"desktop-align-left","8":"tablet-align-left","9":"mobile-align-left","11":"first","12":"instock","13":"taxable","14":"shipping-taxable","15":"purchasable","16":"product-type-simple"},"_links":{"self":[{"href":"https:\/\/funtronic.es\/index.php?rest_route=\/wp\/v2\/product\/2004","targetHints":{"allow":["GET"]}}],"collection":[{"href":"https:\/\/funtronic.es\/index.php?rest_route=\/wp\/v2\/product"}],"about":[{"href":"https:\/\/funtronic.es\/index.php?rest_route=\/wp\/v2\/types\/product"}],"replies":[{"embeddable":true,"href":"https:\/\/funtronic.es\/index.php?rest_route=%2Fwp%2Fv2%2Fcomments&post=2004"}],"wp:featuredmedia":[{"embeddable":true,"href":"https:\/\/funtronic.es\/index.php?rest_route=\/wp\/v2\/media\/2007"}],"wp:attachment":[{"href":"https:\/\/funtronic.es\/index.php?rest_route=%2Fwp%2Fv2%2Fmedia&parent=2004"}],"wp:term":[{"taxonomy":"product_cat","embeddable":true,"href":"https:\/\/funtronic.es\/index.php?rest_route=%2Fwp%2Fv2%2Fproduct_cat&post=2004"},{"taxonomy":"product_tag","embeddable":true,"href":"https:\/\/funtronic.es\/index.php?rest_route=%2Fwp%2Fv2%2Fproduct_tag&post=2004"}],"curies":[{"name":"wp","href":"https:\/\/api.w.org\/{rel}","templated":true}]}}