{"id":781,"date":"2023-01-29T11:31:09","date_gmt":"2023-01-29T11:31:09","guid":{"rendered":"https:\/\/funtronic.es\/?post_type=product&#038;p=781"},"modified":"2025-08-13T10:06:33","modified_gmt":"2025-08-13T10:06:33","slug":"proyector-interactivo-para-aulas","status":"publish","type":"product","link":"https:\/\/funtronic.es\/?product=proyector-interactivo-para-aulas","title":{"rendered":"Proyector interactivo con juegos MOVIL KIDS (soporte incluido) 210 juegos"},"content":{"rendered":"<p>Incluye 110 juegos, viene con 4 paquetes de juegos<\/p>\n<ul>\n<li>Pack OCIO (50 juegos),<\/li>\n<li>Pack EDUCACI\u00d3N (50 juegos).<\/li>\n<li>Pack ECOLOG\u00cdA (10 juegos).<\/li>\n<li>Pack APRENDE INGL\u00c9S (100 juegos)<\/li>\n<\/ul>\n<p><strong>Valor estimado en juegos preeinstalados con el sistema GRATIS 1500 euros (OFERTA ACTUAL)<\/strong><\/p>\n<p>Es posible aumentar los packs adicionales de juegos hasta 300 juegos y a\u00f1adir bol\u00edgrafos interactivos de corta y larga distancia.<\/p>\n","protected":false},"excerpt":{"rendered":"<p>Respondiendo a los deseos de nuestros clientes, se cre\u00f3 un \u00abProyector interactivo\u00bb de 3500 ANSI que se puede desplazar de un sitio a otro.<\/p>\n<p>El sistema se monta en una base con ruedas de goma Este es el primer producto creado en cooperaci\u00f3n con la empresa Acer. Gracias al uso de un proyector gran angular se consigue una perfecta im\u00e1gen e interacci\u00f3n con los usuarios.<\/p>\n<p><strong>Incluye:<\/strong><\/p>\n<ul>\n<li>210 programas \/ juegos<\/li>\n<li>Soporte con ruedas<\/li>\n<li>Mando a distancia<\/li>\n<li>Manual de usuario<\/li>\n<\/ul>\n<p>Tama\u00f1o de la im\u00e1gen proyector interactivo con juegos: 270cm x 200cm se obtiene a partir de una altura de 185cm.<\/p>\n[embed]https:\/\/youtu.be\/IkYRkbodP3E[\/embed]\n","protected":false},"featured_media":659,"comment_status":"open","ping_status":"closed","template":"","meta":{"site-sidebar-layout":"default","site-content-layout":"default","ast-global-header-display":"","ast-main-header-display":"","ast-hfb-above-header-display":"","ast-hfb-below-header-display":"","ast-hfb-mobile-header-display":"","site-post-title":"","ast-breadcrumbs-content":"","ast-featured-img":"","footer-sml-layout":"","theme-transparent-header-meta":"default","adv-header-id-meta":"","stick-header-meta":"","header-above-stick-meta":"","header-main-stick-meta":"","header-below-stick-meta":""},"product_cat":[18],"product_tag":[],"class_list":{"0":"post-781","1":"product","2":"type-product","3":"status-publish","4":"has-post-thumbnail","6":"product_cat-proyectores-interactivos-con-juegos","7":"desktop-align-left","8":"tablet-align-left","9":"mobile-align-left","11":"first","12":"instock","13":"taxable","14":"shipping-taxable","15":"purchasable","16":"product-type-variable"},"_links":{"self":[{"href":"https:\/\/funtronic.es\/index.php?rest_route=\/wp\/v2\/product\/781","targetHints":{"allow":["GET"]}}],"collection":[{"href":"https:\/\/funtronic.es\/index.php?rest_route=\/wp\/v2\/product"}],"about":[{"href":"https:\/\/funtronic.es\/index.php?rest_route=\/wp\/v2\/types\/product"}],"replies":[{"embeddable":true,"href":"https:\/\/funtronic.es\/index.php?rest_route=%2Fwp%2Fv2%2Fcomments&post=781"}],"wp:featuredmedia":[{"embeddable":true,"href":"https:\/\/funtronic.es\/index.php?rest_route=\/wp\/v2\/media\/659"}],"wp:attachment":[{"href":"https:\/\/funtronic.es\/index.php?rest_route=%2Fwp%2Fv2%2Fmedia&parent=781"}],"wp:term":[{"taxonomy":"product_cat","embeddable":true,"href":"https:\/\/funtronic.es\/index.php?rest_route=%2Fwp%2Fv2%2Fproduct_cat&post=781"},{"taxonomy":"product_tag","embeddable":true,"href":"https:\/\/funtronic.es\/index.php?rest_route=%2Fwp%2Fv2%2Fproduct_tag&post=781"}],"curies":[{"name":"wp","href":"https:\/\/api.w.org\/{rel}","templated":true}]}}