{"id":820,"date":"2023-01-29T13:16:11","date_gmt":"2023-01-29T13:16:11","guid":{"rendered":"https:\/\/funtronic.es\/?post_type=product&#038;p=820"},"modified":"2025-04-13T13:33:43","modified_gmt":"2025-04-13T13:33:43","slug":"pack-de-juegos-ecologia","status":"publish","type":"product","link":"https:\/\/funtronic.es\/?product=pack-de-juegos-ecologia","title":{"rendered":"Pack de juegos ECOLOG\u00cdA. 10 juegos"},"content":{"rendered":"<div class=\"elementor-element elementor-element-3cdf0f9 ob-harakiri-inherit ob-has-background-overlay elementor-widget elementor-widget-text-editor ob-harakiri\" data-id=\"3cdf0f9\" data-element_type=\"widget\" data-settings=\"{&quot;_ob_use_harakiri&quot;:&quot;yes&quot;,&quot;_ob_harakiri_writing_mode&quot;:&quot;inherit&quot;,&quot;_ob_postman_use&quot;:&quot;no&quot;,&quot;_ob_widget_stalker_use&quot;:&quot;no&quot;,&quot;_ob_poopart_use&quot;:&quot;yes&quot;,&quot;_ob_shadough_use&quot;:&quot;no&quot;,&quot;_ob_allow_hoveranimator&quot;:&quot;no&quot;}\" data-widget_type=\"text-editor.default\">\n<div class=\"elementor-widget-container\">\n<p>\u00bfDe d\u00f3nde viene la contaminaci\u00f3n ambiental?\u00a0<strong>El Paquete de Ecolog\u00eda<\/strong>\u00a0responde a esta pregunta presentando 10 juegos que crean conciencia ecol\u00f3gica. Los ni\u00f1os aprenden sobre los efectos de las actividades humanas en el planeta y c\u00f3mo pueden prevenir la contaminaci\u00f3n.\u00a0\u00a0El Paquete Ecolog\u00eda es un viaje al mundo del cuidado del planeta, generando conciencia ecol\u00f3gica desde temprana edad. Preparado para la educaci\u00f3n de preescolares y alumnos de primaria.<\/p>\n<\/div>\n<\/div>\n<div class=\"elementor-element elementor-element-333a7e5 ob-harakiri-inherit ob-has-background-overlay elementor-widget elementor-widget-text-editor ob-harakiri\" data-id=\"333a7e5\" data-element_type=\"widget\" data-settings=\"{&quot;_ob_use_harakiri&quot;:&quot;yes&quot;,&quot;_ob_harakiri_writing_mode&quot;:&quot;inherit&quot;,&quot;_ob_postman_use&quot;:&quot;no&quot;,&quot;_ob_widget_stalker_use&quot;:&quot;no&quot;,&quot;_ob_poopart_use&quot;:&quot;yes&quot;,&quot;_ob_shadough_use&quot;:&quot;no&quot;,&quot;_ob_allow_hoveranimator&quot;:&quot;no&quot;}\" data-widget_type=\"text-editor.default\">\n<div class=\"elementor-widget-container\">\n<p>La separaci\u00f3n de residuos es un elemento clave de la protecci\u00f3n del medio ambiente. El paquete Ecolog\u00eda no s\u00f3lo ense\u00f1a a los ni\u00f1os por qu\u00e9 vale la pena separar los residuos, sino que tambi\u00e9n lo hace de una forma interesante y moderna. Los juegos presentan los principios de la segregaci\u00f3n y ense\u00f1an c\u00f3mo cuidar eficazmente nuestro planeta desde una edad temprana.<\/p>\n<\/div>\n<\/div>\n<div class=\"elementor-element elementor-element-84a26c0 ob-harakiri-inherit ob-has-background-overlay elementor-widget elementor-widget-text-editor ob-harakiri\" data-id=\"84a26c0\" data-element_type=\"widget\" data-settings=\"{&quot;_ob_use_harakiri&quot;:&quot;yes&quot;,&quot;_ob_harakiri_writing_mode&quot;:&quot;inherit&quot;,&quot;_ob_postman_use&quot;:&quot;no&quot;,&quot;_ob_widget_stalker_use&quot;:&quot;no&quot;,&quot;_ob_poopart_use&quot;:&quot;yes&quot;,&quot;_ob_shadough_use&quot;:&quot;no&quot;,&quot;_ob_allow_hoveranimator&quot;:&quot;no&quot;}\" data-widget_type=\"text-editor.default\">\n<div class=\"elementor-widget-container\">\n<p>Lo m\u00e1s importante no es s\u00f3lo adquirir conocimientos, sino tambi\u00e9n inculcar h\u00e1bitos que conduzcan al cuidado del medio ambiente. El paquete de Ecolog\u00eda no es s\u00f3lo teor\u00eda, tambi\u00e9n incluye ejercicios pr\u00e1cticos que moldean los h\u00e1bitos ecol\u00f3gicos. Los ni\u00f1os aprenden c\u00f3mo las peque\u00f1as acciones cotidianas pueden marcar una gran diferencia para nuestro planeta.<\/p>\n<\/div>\n<\/div>\n<div class=\"elementor-element elementor-element-4eb5f0d ob-has-background-overlay elementor-widget elementor-widget-image\" data-id=\"4eb5f0d\" data-element_type=\"widget\" data-settings=\"{&quot;_ob_photomorph_use&quot;:&quot;no&quot;,&quot;_ob_widget_stalker_use&quot;:&quot;no&quot;,&quot;_ob_poopart_use&quot;:&quot;yes&quot;,&quot;_ob_shadough_use&quot;:&quot;no&quot;,&quot;_ob_allow_hoveranimator&quot;:&quot;no&quot;}\" data-widget_type=\"image.default\"><img decoding=\"async\" src=\"https:\/\/www.funfloor.pl\/wp-content\/uploads\/2024\/05\/Pakiet-Ekologia.png\" \/><\/div>\n","protected":false},"excerpt":{"rendered":"<p>Todos sabemos lo importante que es cuidar nuestro planeta. As\u00ed que creamos el Paquete de Ecolog\u00eda para ense\u00f1ar y aumentar la conciencia ambiental. El paquete incluye 10 juegos relacionados con la segregaci\u00f3n, limpieza y descomposici\u00f3n de residuos. Esperamos que los juegos ecol\u00f3gicos no solo ense\u00f1en c\u00f3mo segregar los residuos, sino que inculquen permanentemente el deseo de cuidar el medio ambiente.<\/p>\n","protected":false},"featured_media":821,"comment_status":"open","ping_status":"closed","template":"","meta":{"site-sidebar-layout":"default","site-content-layout":"default","ast-global-header-display":"","ast-main-header-display":"","ast-hfb-above-header-display":"","ast-hfb-below-header-display":"","ast-hfb-mobile-header-display":"","site-post-title":"","ast-breadcrumbs-content":"","ast-featured-img":"","footer-sml-layout":"","theme-transparent-header-meta":"default","adv-header-id-meta":"","stick-header-meta":"","header-above-stick-meta":"","header-main-stick-meta":"","header-below-stick-meta":""},"product_cat":[20],"product_tag":[],"class_list":{"0":"post-820","1":"product","2":"type-product","3":"status-publish","4":"has-post-thumbnail","6":"product_cat-packs-juegos-interactivos","7":"desktop-align-left","8":"tablet-align-left","9":"mobile-align-left","11":"first","12":"instock","13":"taxable","14":"shipping-taxable","15":"purchasable","16":"product-type-simple"},"_links":{"self":[{"href":"https:\/\/funtronic.es\/index.php?rest_route=\/wp\/v2\/product\/820","targetHints":{"allow":["GET"]}}],"collection":[{"href":"https:\/\/funtronic.es\/index.php?rest_route=\/wp\/v2\/product"}],"about":[{"href":"https:\/\/funtronic.es\/index.php?rest_route=\/wp\/v2\/types\/product"}],"replies":[{"embeddable":true,"href":"https:\/\/funtronic.es\/index.php?rest_route=%2Fwp%2Fv2%2Fcomments&post=820"}],"wp:featuredmedia":[{"embeddable":true,"href":"https:\/\/funtronic.es\/index.php?rest_route=\/wp\/v2\/media\/821"}],"wp:attachment":[{"href":"https:\/\/funtronic.es\/index.php?rest_route=%2Fwp%2Fv2%2Fmedia&parent=820"}],"wp:term":[{"taxonomy":"product_cat","embeddable":true,"href":"https:\/\/funtronic.es\/index.php?rest_route=%2Fwp%2Fv2%2Fproduct_cat&post=820"},{"taxonomy":"product_tag","embeddable":true,"href":"https:\/\/funtronic.es\/index.php?rest_route=%2Fwp%2Fv2%2Fproduct_tag&post=820"}],"curies":[{"name":"wp","href":"https:\/\/api.w.org\/{rel}","templated":true}]}}