{"id":834,"date":"2023-01-29T13:25:59","date_gmt":"2023-01-29T13:25:59","guid":{"rendered":"https:\/\/funtronic.es\/?post_type=product&#038;p=834"},"modified":"2024-08-22T07:09:17","modified_gmt":"2024-08-22T07:09:17","slug":"pack-juegos-interactivos-desarrollo-cerebral","status":"publish","type":"product","link":"https:\/\/funtronic.es\/?product=pack-juegos-interactivos-desarrollo-cerebral","title":{"rendered":"Pack juegos interactivos DESARROLLO CEREBRAL 12 juegos"},"content":{"rendered":"<p><strong>Paquete de desarrollo cerebral: desarrolla la memoria y estimula la creatividad<\/strong><br \/>\nDurante el m\u00e1gico periodo de la infancia, la mente de un ni\u00f1o peque\u00f1o es como una esponja, dispuesta a absorber cada gota de conocimiento y experiencia. El ni\u00f1o est\u00e1 ansioso por alcanzar nuevos retos, dispuesto a superar cada rompecabezas con orgullo. Es ahora, cuando la peque\u00f1a mente est\u00e1 m\u00e1s abierta al aprendizaje, cuando merece la pena invertir en su desarrollo. El Paquete de Desarrollo Cerebral no es s\u00f3lo un conjunto de juegos: es la clave de una base s\u00f3lida para el futuro de su hijo.<\/p>\n<p><strong>Absorci\u00f3n de la mente del ni\u00f1o<\/strong><br \/>\nLa mente de un ni\u00f1o es como un libro abierto, listo para cada cap\u00edtulo. Ahora es el ni\u00f1o peque\u00f1o quien absorbe alegremente cada nueva informaci\u00f3n y disfruta resolviendo cada rompecabezas. Este es un momento en el que podemos apoyar la motivaci\u00f3n natural para aprender y desarrollar las habilidades que ser\u00e1n la base del \u00e9xito futuro.<\/p>\n<p><strong>Desarrollar la coordinaci\u00f3n motriz<\/strong><br \/>\nMerece la pena invertir en el desarrollo de la coordinaci\u00f3n motora, ya que es la clave del \u00e9xito futuro. El Paquete de Desarrollo Cerebral no s\u00f3lo mejora la funci\u00f3n motora del ni\u00f1o, sino que tambi\u00e9n influye en el desarrollo de otras capacidades importantes, como la concentraci\u00f3n, la autodisciplina y la memoria. Los juegos del paquete hacen trabajar brazos, piernas y todo el cuerpo, moldeando la precisi\u00f3n y la agilidad.<\/p>\n<p><strong>Autoconocimiento y autocontrol<\/strong><br \/>\nEl desarrollo cerebral es tambi\u00e9n una lecci\u00f3n de autocontrol y autoconocimiento. Los juegos del Paquete de Desarrollo Cerebral ense\u00f1an a los ni\u00f1os peque\u00f1os a comprender sus propias capacidades, motiv\u00e1ndoles a superar sus propias limitaciones. No se trata s\u00f3lo de desarrollar la mente, sino tambi\u00e9n de construir una s\u00f3lida base emocional.<\/p>\n<p><strong>Memoria y concentraci\u00f3n<\/strong><br \/>\nEl apoyo a la memoria y la concentraci\u00f3n son puntos fuertes innegables del Paquete de Desarrollo Cerebral. Al introducir una variedad de actividades, adaptadas a la edad y la capacidad del ni\u00f1o, el programa se centra en hacer que el aprendizaje no s\u00f3lo sea eficaz, sino tambi\u00e9n fascinante.<\/p>\n<figure id=\"attachment_1885\" aria-describedby=\"caption-attachment-1885\" style=\"width: 450px\" class=\"wp-caption alignnone\"><img loading=\"lazy\" decoding=\"async\" class=\" wp-image-1885\" src=\"https:\/\/funtronic.es\/wp-content\/uploads\/2023\/01\/juegos-interactivos-desarrollo-y-terapia-300x200.png\" alt=\"juegos interactivos desarrollo y terapia\" width=\"450\" height=\"300\" srcset=\"https:\/\/funtronic.es\/wp-content\/uploads\/2023\/01\/juegos-interactivos-desarrollo-y-terapia-300x200.png 300w, https:\/\/funtronic.es\/wp-content\/uploads\/2023\/01\/juegos-interactivos-desarrollo-y-terapia-768x513.png 768w, https:\/\/funtronic.es\/wp-content\/uploads\/2023\/01\/juegos-interactivos-desarrollo-y-terapia-600x401.png 600w, https:\/\/funtronic.es\/wp-content\/uploads\/2023\/01\/juegos-interactivos-desarrollo-y-terapia.png 1024w\" sizes=\"auto, (max-width: 450px) 100vw, 450px\" \/><figcaption id=\"caption-attachment-1885\" class=\"wp-caption-text\">juegos interactivos desarrollo y terapia<\/figcaption><\/figure>\n","protected":false},"excerpt":{"rendered":"<p>La mente de un ni\u00f1o es muy receptiva y maleable. Merece la pena aprovechar su motivaci\u00f3n natural mientras todav\u00eda no se haya cansado de aprender. Por ahora, absorbe todo lo nuevo con placer y solo espera que los adultos le planteen otro enigma para resolverla con facilidad y orgullo. Por tanto, es el momento de ayudar al ni\u00f1o a desarrollar: la memoria, la autodisciplina, la voluntad de aprender, la concentraci\u00f3n y\u2026 la coordinaci\u00f3n motriz. Esto le facilitar\u00e1 superar retos m\u00e1s dif\u00edciles en el futuro.<\/p>\n","protected":false},"featured_media":827,"comment_status":"open","ping_status":"closed","template":"","meta":{"site-sidebar-layout":"default","site-content-layout":"default","ast-global-header-display":"","ast-main-header-display":"","ast-hfb-above-header-display":"","ast-hfb-below-header-display":"","ast-hfb-mobile-header-display":"","site-post-title":"","ast-breadcrumbs-content":"","ast-featured-img":"","footer-sml-layout":"","theme-transparent-header-meta":"default","adv-header-id-meta":"","stick-header-meta":"","header-above-stick-meta":"","header-main-stick-meta":"","header-below-stick-meta":""},"product_cat":[20],"product_tag":[],"class_list":{"0":"post-834","1":"product","2":"type-product","3":"status-publish","4":"has-post-thumbnail","6":"product_cat-packs-juegos-interactivos","7":"desktop-align-left","8":"tablet-align-left","9":"mobile-align-left","11":"first","12":"instock","13":"taxable","14":"shipping-taxable","15":"purchasable","16":"product-type-simple"},"_links":{"self":[{"href":"https:\/\/funtronic.es\/index.php?rest_route=\/wp\/v2\/product\/834","targetHints":{"allow":["GET"]}}],"collection":[{"href":"https:\/\/funtronic.es\/index.php?rest_route=\/wp\/v2\/product"}],"about":[{"href":"https:\/\/funtronic.es\/index.php?rest_route=\/wp\/v2\/types\/product"}],"replies":[{"embeddable":true,"href":"https:\/\/funtronic.es\/index.php?rest_route=%2Fwp%2Fv2%2Fcomments&post=834"}],"wp:featuredmedia":[{"embeddable":true,"href":"https:\/\/funtronic.es\/index.php?rest_route=\/wp\/v2\/media\/827"}],"wp:attachment":[{"href":"https:\/\/funtronic.es\/index.php?rest_route=%2Fwp%2Fv2%2Fmedia&parent=834"}],"wp:term":[{"taxonomy":"product_cat","embeddable":true,"href":"https:\/\/funtronic.es\/index.php?rest_route=%2Fwp%2Fv2%2Fproduct_cat&post=834"},{"taxonomy":"product_tag","embeddable":true,"href":"https:\/\/funtronic.es\/index.php?rest_route=%2Fwp%2Fv2%2Fproduct_tag&post=834"}],"curies":[{"name":"wp","href":"https:\/\/api.w.org\/{rel}","templated":true}]}}