{"id":835,"date":"2023-01-29T13:27:40","date_gmt":"2023-01-29T13:27:40","guid":{"rendered":"https:\/\/funtronic.es\/?post_type=product&#038;p=835"},"modified":"2025-08-13T08:47:15","modified_gmt":"2025-08-13T08:47:15","slug":"pack-juegos-interactivos-escuela-infantil","status":"publish","type":"product","link":"https:\/\/funtronic.es\/?product=pack-juegos-interactivos-escuela-infantil","title":{"rendered":"Pack juegos interactivos ESCUELA INFANTIL 6 juegos"},"content":{"rendered":"<p><strong>Baby First Package: peque\u00f1os pasos, gran desarrollo<\/strong><br \/>\nEn el mundo de los ni\u00f1os peque\u00f1os, cada paso en el desarrollo es como el primer paso en un terreno por descubrir. Por eso nos enorgullece presentar el paquete Baby First, creado en colaboraci\u00f3n con la empresa estadounidense Baby First TV, especializada en contenidos para ni\u00f1os de 0 a 3 a\u00f1os. Se trata de un extraordinario conjunto de 6 juegos que no s\u00f3lo enganchan, sino que tambi\u00e9n desarrollan a los m\u00e1s peque\u00f1os de una forma pensada y adaptada.<\/p>\n<p><strong>Cooperaci\u00f3n con Baby First TV<\/strong><br \/>\nEsta ins\u00f3lita colaboraci\u00f3n con la cadena estadounidense Baby First TV significa que el paquete Baby First no es s\u00f3lo una colecci\u00f3n de juegos, sino tambi\u00e9n un pedazo de la misma magia que fascina a los ni\u00f1os peque\u00f1os en la pantalla. Es una invitaci\u00f3n a un mundo de asombro infantil, donde cada ejercicio es una nueva aventura educativa.<\/p>\n<p><strong>Recomendado para guarder\u00edas, jardines de infancia y ludotecas:<\/strong><br \/>\nEl paquete Baby First es una herramienta ideal para jardines de infancia, guarder\u00edas y salas de juegos. Ha sido creado para lugares donde la diversi\u00f3n y el desarrollo de las mentes j\u00f3venes es primordial. Los juegos incluidos en el paquete se adaptan a la naturaleza espec\u00edfica de los m\u00e1s peque\u00f1os, por lo que no s\u00f3lo son educativos, sino que tambi\u00e9n est\u00e1n llenos de alegr\u00eda y sonrisas.<\/p>\n<p><strong>Colorear, se\u00f1alar, jugar al escondite<\/strong><br \/>\nLos juegos del paquete Baby First son ejercicios interactivos para desarrollar la coordinaci\u00f3n ojo-mano y la percepci\u00f3n. Los ni\u00f1os peque\u00f1os tienen la oportunidad de colorear dibujos sencillos, relacionarlos con sonidos y jugar al escondite. No se trata s\u00f3lo de divertirse, sino de aprender por el mero placer de explorar el mundo.<\/p>\n<p><strong>Desarrollo de la coordinaci\u00f3n ojo-mano<\/strong><br \/>\nLa edad de 0 a 3 a\u00f1os es un periodo de intenso desarrollo, especialmente en lo que se refiere a la coordinaci\u00f3n ojo-mano. El paquete Baby First est\u00e1 dise\u00f1ado para favorecer este proceso. Los juegos en los que el ni\u00f1o pinta, empareja y se mueve son una contribuci\u00f3n insustituible al desarrollo de la mente y el cuerpo de los m\u00e1s peque\u00f1os.<\/p>\n","protected":false},"excerpt":{"rendered":"<p>Es un paquete creado en cooperaci\u00f3n con la televisi\u00f3n estadounidense Baby First TV. Dirigido principalmente a los destinatarios m\u00e1s j\u00f3venes. El paquete Baby First TV incluye 6 juegos que introducen a los m\u00e1s peque\u00f1os en el mundo de los sonidos y los colores. Los juegos son una gran forma de juego de movimiento que desarrolla la percepci\u00f3n y la coordinaci\u00f3n visual-motora. Especialmente recomendado para guarder\u00edas, guarder\u00edas y salas de juegos.<\/p>\n","protected":false},"featured_media":824,"comment_status":"open","ping_status":"closed","template":"","meta":{"site-sidebar-layout":"default","site-content-layout":"default","ast-global-header-display":"","ast-main-header-display":"","ast-hfb-above-header-display":"","ast-hfb-below-header-display":"","ast-hfb-mobile-header-display":"","site-post-title":"","ast-breadcrumbs-content":"","ast-featured-img":"","footer-sml-layout":"","theme-transparent-header-meta":"default","adv-header-id-meta":"","stick-header-meta":"","header-above-stick-meta":"","header-main-stick-meta":"","header-below-stick-meta":""},"product_cat":[20],"product_tag":[],"class_list":{"0":"post-835","1":"product","2":"type-product","3":"status-publish","4":"has-post-thumbnail","6":"product_cat-packs-juegos-interactivos","7":"desktop-align-left","8":"tablet-align-left","9":"mobile-align-left","11":"first","12":"instock","13":"taxable","14":"shipping-taxable","15":"purchasable","16":"product-type-simple"},"_links":{"self":[{"href":"https:\/\/funtronic.es\/index.php?rest_route=\/wp\/v2\/product\/835","targetHints":{"allow":["GET"]}}],"collection":[{"href":"https:\/\/funtronic.es\/index.php?rest_route=\/wp\/v2\/product"}],"about":[{"href":"https:\/\/funtronic.es\/index.php?rest_route=\/wp\/v2\/types\/product"}],"replies":[{"embeddable":true,"href":"https:\/\/funtronic.es\/index.php?rest_route=%2Fwp%2Fv2%2Fcomments&post=835"}],"wp:featuredmedia":[{"embeddable":true,"href":"https:\/\/funtronic.es\/index.php?rest_route=\/wp\/v2\/media\/824"}],"wp:attachment":[{"href":"https:\/\/funtronic.es\/index.php?rest_route=%2Fwp%2Fv2%2Fmedia&parent=835"}],"wp:term":[{"taxonomy":"product_cat","embeddable":true,"href":"https:\/\/funtronic.es\/index.php?rest_route=%2Fwp%2Fv2%2Fproduct_cat&post=835"},{"taxonomy":"product_tag","embeddable":true,"href":"https:\/\/funtronic.es\/index.php?rest_route=%2Fwp%2Fv2%2Fproduct_tag&post=835"}],"curies":[{"name":"wp","href":"https:\/\/api.w.org\/{rel}","templated":true}]}}