{"id":836,"date":"2023-01-29T13:30:48","date_gmt":"2023-01-29T13:30:48","guid":{"rendered":"https:\/\/funtronic.es\/?post_type=product&#038;p=836"},"modified":"2024-08-22T07:05:30","modified_gmt":"2024-08-22T07:05:30","slug":"pack-juegos-interactivos-aprende-ingles-pack-1-2","status":"publish","type":"product","link":"https:\/\/funtronic.es\/?product=pack-juegos-interactivos-aprende-ingles-pack-1-2","title":{"rendered":"Pack juegos interactivos APRENDE INGLES (PACK 1 + 2) 100 juegos"},"content":{"rendered":"<p>Preparado por fil\u00f3logos y educadores experimentados. Adecuado tanto para alumnos de edad preescolar como de primaria. Contiene un vocabulario rico, pero lo m\u00e1s importante es que est\u00e1 integrado en contextos espec\u00edfcos que se utilizan a diario. Los conocimientos promovidos en los juegos suelen basarse en asociaciones, lo que ayuda en su memorizaci\u00f3n. La emoci\u00f3n que acompa\u00f1a al juego no es poca, por lo que los conceptos se memorizan con mayor facilidad. Al final de cada secci\u00f3n, se ofrece una prueba de Einstein para comprobar el conocimiento y consolidar el aprendizaje.<\/p>\n","protected":false},"excerpt":{"rendered":"<p>El English Language Package ha sido preparado por un grupo de fil\u00f3logos y traductores experimentados de tal manera que puede ser utilizado tanto por ni\u00f1os en edad preescolar como por estudiantes de primaria. El paquete contiene 100 juegos divididos en 30 secciones. Cada uno de ellos termina con una prueba de Einstein, durante la cual se pueden consolidar los conocimientos adquiridos. El paquete desarrollado contiene un rico vocabulario (m\u00e1s de 500 palabras), lo que lo convierte en una gran herramienta para aprender ingl\u00e9s.<\/p>\n","protected":false},"featured_media":833,"comment_status":"open","ping_status":"closed","template":"","meta":{"site-sidebar-layout":"default","site-content-layout":"default","ast-global-header-display":"","ast-main-header-display":"","ast-hfb-above-header-display":"","ast-hfb-below-header-display":"","ast-hfb-mobile-header-display":"","site-post-title":"","ast-breadcrumbs-content":"","ast-featured-img":"","footer-sml-layout":"","theme-transparent-header-meta":"default","adv-header-id-meta":"","stick-header-meta":"","header-above-stick-meta":"","header-main-stick-meta":"","header-below-stick-meta":""},"product_cat":[20],"product_tag":[],"class_list":{"0":"post-836","1":"product","2":"type-product","3":"status-publish","4":"has-post-thumbnail","6":"product_cat-packs-juegos-interactivos","7":"desktop-align-left","8":"tablet-align-left","9":"mobile-align-left","11":"first","12":"instock","13":"taxable","14":"shipping-taxable","15":"purchasable","16":"product-type-simple"},"_links":{"self":[{"href":"https:\/\/funtronic.es\/index.php?rest_route=\/wp\/v2\/product\/836","targetHints":{"allow":["GET"]}}],"collection":[{"href":"https:\/\/funtronic.es\/index.php?rest_route=\/wp\/v2\/product"}],"about":[{"href":"https:\/\/funtronic.es\/index.php?rest_route=\/wp\/v2\/types\/product"}],"replies":[{"embeddable":true,"href":"https:\/\/funtronic.es\/index.php?rest_route=%2Fwp%2Fv2%2Fcomments&post=836"}],"wp:featuredmedia":[{"embeddable":true,"href":"https:\/\/funtronic.es\/index.php?rest_route=\/wp\/v2\/media\/833"}],"wp:attachment":[{"href":"https:\/\/funtronic.es\/index.php?rest_route=%2Fwp%2Fv2%2Fmedia&parent=836"}],"wp:term":[{"taxonomy":"product_cat","embeddable":true,"href":"https:\/\/funtronic.es\/index.php?rest_route=%2Fwp%2Fv2%2Fproduct_cat&post=836"},{"taxonomy":"product_tag","embeddable":true,"href":"https:\/\/funtronic.es\/index.php?rest_route=%2Fwp%2Fv2%2Fproduct_tag&post=836"}],"curies":[{"name":"wp","href":"https:\/\/api.w.org\/{rel}","templated":true}]}}