{"id":838,"date":"2023-01-29T14:11:22","date_gmt":"2023-01-29T14:11:22","guid":{"rendered":"https:\/\/funtronic.es\/?post_type=product&#038;p=838"},"modified":"2024-06-25T13:34:24","modified_gmt":"2024-06-25T13:34:24","slug":"pack-juegos-interactivos-aprende-ingles-pack-2-50-juegos","status":"publish","type":"product","link":"https:\/\/funtronic.es\/?product=pack-juegos-interactivos-aprende-ingles-pack-2-50-juegos","title":{"rendered":"Pack juegos interactivos APRENDE INGLES (50 juegos)"},"content":{"rendered":"<p><strong>100 juegos divididos en 30 secciones tem\u00e1ticas<\/strong><br \/>\nCuando se trata de variedad, el Paquete Ingl\u00e9s es insuperable. Contiene nada menos que 100 juegos divididos en 30 secciones que apoyan el aprendizaje del ingl\u00e9s de forma reflexiva y divertida. Cada juego es una nueva aventura, cada secci\u00f3n es un paso m\u00e1s hacia la comunicaci\u00f3n fluida en ingl\u00e9s.<\/p>\n<p><strong>Para alumnos de preescolar y primaria<\/strong><br \/>\nAprender ingl\u00e9s es un proceso que comienza desde los primeros a\u00f1os. Dedicado tanto a alumnos de preescolar como de primaria, el Paquete Ingl\u00e9s es una herramienta vers\u00e1til que desarrolla las habilidades ling\u00fc\u00edsticas en todas las etapas educativas.<\/p>\n<p><strong>Rico vocabulario<\/strong><br \/>\nLas m\u00e1s de 500 palabras de vocabulario que contiene el English Package no son s\u00f3lo un n\u00famero: son una gran riqueza de vocabulario ingl\u00e9s integrado en contextos cotidianos. Los juegos ayudan a asimilar no s\u00f3lo las palabras en s\u00ed, sino tambi\u00e9n su aplicaci\u00f3n en la pr\u00e1ctica, ense\u00f1ando a comunicarse en ingl\u00e9s desde una edad temprana.<\/p>\n<p><strong>Juegos basados en asociaciones<\/strong><br \/>\nLos conocimientos asimilados por asociaci\u00f3n son m\u00e1s f\u00e1ciles de recordar. The English Package utiliza este principio para crear juegos basados en asociaciones que ense\u00f1an y entretienen al mismo tiempo. Las emociones que acompa\u00f1an al juego ayudan a consolidar los conocimientos ling\u00fc\u00edsticos adquiridos.<\/p>\n<p><strong>Test Einstein: comprueba lo que ya sabes<\/strong><br \/>\nAl final de cada secci\u00f3n, la Prueba Einstein espera al alumno. No es s\u00f3lo una prueba de conocimientos, sino tambi\u00e9n una forma adicional de consolidar las destrezas adquiridas. Las pruebas se adaptan al nivel y los resultados ayudan a controlar el progreso del aprendizaje.<\/p>\n<p><img loading=\"lazy\" decoding=\"async\" class=\" wp-image-1884\" src=\"https:\/\/funtronic.es\/wp-content\/uploads\/2023\/01\/juegos-iteractivos-ingles-2-300x212.png\" alt=\"juegos iteractivos ingles 2\" width=\"563\" height=\"398\" srcset=\"https:\/\/funtronic.es\/wp-content\/uploads\/2023\/01\/juegos-iteractivos-ingles-2-300x212.png 300w, https:\/\/funtronic.es\/wp-content\/uploads\/2023\/01\/juegos-iteractivos-ingles-2-768x542.png 768w, https:\/\/funtronic.es\/wp-content\/uploads\/2023\/01\/juegos-iteractivos-ingles-2-600x424.png 600w, https:\/\/funtronic.es\/wp-content\/uploads\/2023\/01\/juegos-iteractivos-ingles-2.png 1024w\" sizes=\"auto, (max-width: 563px) 100vw, 563px\" \/><\/p>\n","protected":false},"excerpt":{"rendered":"<p>El English Language Package ha sido preparado por un grupo de fil\u00f3logos y traductores experimentados de tal manera que puede ser utilizado tanto por ni\u00f1os en edad preescolar como por estudiantes de primaria. El paquete English Part II contiene 50 juegos. Cada uno de los departamentos termina con una prueba de Einstein, durante la cual se pueden consolidar los conocimientos adquiridos. El paquete desarrollado contiene un rico vocabulario, lo que lo convierte en una gran herramienta para aprender ingl\u00e9s.<\/p>\n","protected":false},"featured_media":833,"comment_status":"open","ping_status":"closed","template":"","meta":{"site-sidebar-layout":"default","site-content-layout":"default","ast-global-header-display":"","ast-main-header-display":"","ast-hfb-above-header-display":"","ast-hfb-below-header-display":"","ast-hfb-mobile-header-display":"","site-post-title":"","ast-breadcrumbs-content":"","ast-featured-img":"","footer-sml-layout":"","theme-transparent-header-meta":"default","adv-header-id-meta":"","stick-header-meta":"","header-above-stick-meta":"","header-main-stick-meta":"","header-below-stick-meta":""},"product_cat":[15],"product_tag":[],"class_list":{"0":"post-838","1":"product","2":"type-product","3":"status-publish","4":"has-post-thumbnail","6":"product_cat-sin-categorizar","7":"desktop-align-left","8":"tablet-align-left","9":"mobile-align-left","11":"first","12":"instock","13":"taxable","14":"shipping-taxable","15":"purchasable","16":"product-type-simple"},"_links":{"self":[{"href":"https:\/\/funtronic.es\/index.php?rest_route=\/wp\/v2\/product\/838","targetHints":{"allow":["GET"]}}],"collection":[{"href":"https:\/\/funtronic.es\/index.php?rest_route=\/wp\/v2\/product"}],"about":[{"href":"https:\/\/funtronic.es\/index.php?rest_route=\/wp\/v2\/types\/product"}],"replies":[{"embeddable":true,"href":"https:\/\/funtronic.es\/index.php?rest_route=%2Fwp%2Fv2%2Fcomments&post=838"}],"wp:featuredmedia":[{"embeddable":true,"href":"https:\/\/funtronic.es\/index.php?rest_route=\/wp\/v2\/media\/833"}],"wp:attachment":[{"href":"https:\/\/funtronic.es\/index.php?rest_route=%2Fwp%2Fv2%2Fmedia&parent=838"}],"wp:term":[{"taxonomy":"product_cat","embeddable":true,"href":"https:\/\/funtronic.es\/index.php?rest_route=%2Fwp%2Fv2%2Fproduct_cat&post=838"},{"taxonomy":"product_tag","embeddable":true,"href":"https:\/\/funtronic.es\/index.php?rest_route=%2Fwp%2Fv2%2Fproduct_tag&post=838"}],"curies":[{"name":"wp","href":"https:\/\/api.w.org\/{rel}","templated":true}]}}