{"id":839,"date":"2023-01-29T14:12:56","date_gmt":"2023-01-29T14:12:56","guid":{"rendered":"https:\/\/funtronic.es\/?post_type=product&#038;p=839"},"modified":"2024-08-22T07:07:21","modified_gmt":"2024-08-22T07:07:21","slug":"pack-juegos-interactivos-educacion-vial","status":"publish","type":"product","link":"https:\/\/funtronic.es\/?product=pack-juegos-interactivos-educacion-vial","title":{"rendered":"Pack juegos interactivos EDUCACI\u00d3N VIAL (10 juegos)"},"content":{"rendered":"<p>El participante en el tr\u00e1fico vial tiene que tomar decisiones instant\u00e1neas.<br \/>\nAl volante, uno no tiene tiempo para pensar o comprobar qu\u00e9 significa determinada se\u00f1al de tr\u00e1fico. Por eso, la mayor\u00eda de los juegos del paquete \u00abCarn\u00e9 Bici\u00bb son juegos cronometrados. El tic-tac del contador acostumbra a reaccionar con rapidez en situaciones concretas. Las normas y las se\u00f1ales de tr\u00e1fico se entretejen en interesantes tareas. La forma de narrativa del aprendizaje y los cuestionarios hacen que los ni\u00f1os y j\u00f3venes conozcan los principios de circulaci\u00f3n vial segura sobre la marcha.<\/p>\n","protected":false},"excerpt":{"rendered":"<p>El paquete Bike Card es un conjunto de 10 juegos que introducen el tema del tr\u00e1fico. Ense\u00f1a se\u00f1ales de tr\u00e1fico y normas de seguridad vial. Las tareas y los cuestionarios a tiempo apoyan perfectamente el aprendizaje de las personas que se preparan para el examen de una tarjeta de bicicleta, y la forma atractiva de los juegos hace que el aprendizaje sea extremadamente efectivo y agradable.<\/p>\n","protected":false},"featured_media":831,"comment_status":"open","ping_status":"closed","template":"","meta":{"site-sidebar-layout":"default","site-content-layout":"default","ast-global-header-display":"","ast-main-header-display":"","ast-hfb-above-header-display":"","ast-hfb-below-header-display":"","ast-hfb-mobile-header-display":"","site-post-title":"","ast-breadcrumbs-content":"","ast-featured-img":"","footer-sml-layout":"","theme-transparent-header-meta":"default","adv-header-id-meta":"","stick-header-meta":"","header-above-stick-meta":"","header-main-stick-meta":"","header-below-stick-meta":""},"product_cat":[20],"product_tag":[],"class_list":{"0":"post-839","1":"product","2":"type-product","3":"status-publish","4":"has-post-thumbnail","6":"product_cat-packs-juegos-interactivos","7":"desktop-align-left","8":"tablet-align-left","9":"mobile-align-left","11":"first","12":"instock","13":"taxable","14":"shipping-taxable","15":"purchasable","16":"product-type-simple"},"_links":{"self":[{"href":"https:\/\/funtronic.es\/index.php?rest_route=\/wp\/v2\/product\/839","targetHints":{"allow":["GET"]}}],"collection":[{"href":"https:\/\/funtronic.es\/index.php?rest_route=\/wp\/v2\/product"}],"about":[{"href":"https:\/\/funtronic.es\/index.php?rest_route=\/wp\/v2\/types\/product"}],"replies":[{"embeddable":true,"href":"https:\/\/funtronic.es\/index.php?rest_route=%2Fwp%2Fv2%2Fcomments&post=839"}],"wp:featuredmedia":[{"embeddable":true,"href":"https:\/\/funtronic.es\/index.php?rest_route=\/wp\/v2\/media\/831"}],"wp:attachment":[{"href":"https:\/\/funtronic.es\/index.php?rest_route=%2Fwp%2Fv2%2Fmedia&parent=839"}],"wp:term":[{"taxonomy":"product_cat","embeddable":true,"href":"https:\/\/funtronic.es\/index.php?rest_route=%2Fwp%2Fv2%2Fproduct_cat&post=839"},{"taxonomy":"product_tag","embeddable":true,"href":"https:\/\/funtronic.es\/index.php?rest_route=%2Fwp%2Fv2%2Fproduct_tag&post=839"}],"curies":[{"name":"wp","href":"https:\/\/api.w.org\/{rel}","templated":true}]}}