{"id":845,"date":"2023-01-29T14:22:55","date_gmt":"2023-01-29T14:22:55","guid":{"rendered":"https:\/\/funtronic.es\/?post_type=product&#038;p=845"},"modified":"2024-08-22T07:00:57","modified_gmt":"2024-08-22T07:00:57","slug":"pack-juegos-interactivos-revalidacion-y-terapia","status":"publish","type":"product","link":"https:\/\/funtronic.es\/?product=pack-juegos-interactivos-revalidacion-y-terapia","title":{"rendered":"Pack juegos interactivos REVALIDACI\u00d3N y TERAPIA 25 juegos"},"content":{"rendered":"<p>Relaciona las im\u00e1genes. Encuentra la diferencia. Se\u00f1ala el elemento que falta. Este tipo de tareas acostumbran a trabajar concentrado y estimulan el pensamiento. Esto hace que los juegos del paquete \u00abRehabilitaci\u00f3n y Terapia\u00bb sirvan para fomentar el desarrollo de los ni\u00f1os y de las personas que, por diversos motivos, tienen difcultades con el pensamiento din\u00e1mico. Los ejercicios tienen distintos grados de dificultad. Esto facilita la adaptaci\u00f3n del juego a las necesidades particulares.<\/p>\n<div class=\"ast-oembed-container\" style=\"height: 100%;\"><iframe loading=\"lazy\" title=\"pack terapia\" width=\"500\" height=\"281\" src=\"https:\/\/www.youtube.com\/embed\/6NcnskUC5Cc?feature=oembed\" frameborder=\"0\" allow=\"accelerometer; autoplay; clipboard-write; encrypted-media; gyroscope; picture-in-picture; web-share\" referrerpolicy=\"strict-origin-when-cross-origin\" allowfullscreen><\/iframe><\/div>\n","protected":false},"excerpt":{"rendered":"<p>El paquete de Revalidaci\u00f3n y Terapia apoya la concentraci\u00f3n de la atenci\u00f3n basada en un analizador visual-kinest\u00e9sico. Es una ayuda sustantiva insustituible, porque se desarrolla sobre la base de la investigaci\u00f3n cient\u00edfica, el conocimiento y la propia experiencia del trabajo terap\u00e9utico con ni\u00f1os que presentan d\u00e9ficits de desarrollo. Facilita enormemente el trabajo del profesor al hacer que las clases sean m\u00e1s atractivas a trav\u00e9s de min. despertando la curiosidad, confiando en los recursos del ni\u00f1o y movi\u00e9ndose gradualmente a un nivel superior.<\/p>\n","protected":false},"featured_media":828,"comment_status":"open","ping_status":"closed","template":"","meta":{"site-sidebar-layout":"default","site-content-layout":"default","ast-global-header-display":"","ast-main-header-display":"","ast-hfb-above-header-display":"","ast-hfb-below-header-display":"","ast-hfb-mobile-header-display":"","site-post-title":"","ast-breadcrumbs-content":"","ast-featured-img":"","footer-sml-layout":"","theme-transparent-header-meta":"default","adv-header-id-meta":"","stick-header-meta":"","header-above-stick-meta":"","header-main-stick-meta":"","header-below-stick-meta":""},"product_cat":[20],"product_tag":[],"class_list":{"0":"post-845","1":"product","2":"type-product","3":"status-publish","4":"has-post-thumbnail","6":"product_cat-packs-juegos-interactivos","7":"desktop-align-left","8":"tablet-align-left","9":"mobile-align-left","11":"first","12":"instock","13":"taxable","14":"shipping-taxable","15":"purchasable","16":"product-type-simple"},"_links":{"self":[{"href":"https:\/\/funtronic.es\/index.php?rest_route=\/wp\/v2\/product\/845","targetHints":{"allow":["GET"]}}],"collection":[{"href":"https:\/\/funtronic.es\/index.php?rest_route=\/wp\/v2\/product"}],"about":[{"href":"https:\/\/funtronic.es\/index.php?rest_route=\/wp\/v2\/types\/product"}],"replies":[{"embeddable":true,"href":"https:\/\/funtronic.es\/index.php?rest_route=%2Fwp%2Fv2%2Fcomments&post=845"}],"wp:featuredmedia":[{"embeddable":true,"href":"https:\/\/funtronic.es\/index.php?rest_route=\/wp\/v2\/media\/828"}],"wp:attachment":[{"href":"https:\/\/funtronic.es\/index.php?rest_route=%2Fwp%2Fv2%2Fmedia&parent=845"}],"wp:term":[{"taxonomy":"product_cat","embeddable":true,"href":"https:\/\/funtronic.es\/index.php?rest_route=%2Fwp%2Fv2%2Fproduct_cat&post=845"},{"taxonomy":"product_tag","embeddable":true,"href":"https:\/\/funtronic.es\/index.php?rest_route=%2Fwp%2Fv2%2Fproduct_tag&post=845"}],"curies":[{"name":"wp","href":"https:\/\/api.w.org\/{rel}","templated":true}]}}